{"id":14,"date":"2016-01-12T20:03:08","date_gmt":"2016-01-12T20:03:08","guid":{"rendered":"http:\/\/petra-sela.com\/neu\/?page_id=14"},"modified":"2023-12-20T14:25:34","modified_gmt":"2023-12-20T14:25:34","slug":"termine","status":"publish","type":"page","link":"https:\/\/petra-sela.com\/neu\/termine\/","title":{"rendered":"Aktuell"},"content":{"rendered":"<p>&nbsp;<\/p>\n<p>&nbsp;<\/p>\n<h2>Aktuell<\/h2>\n<p>&nbsp;<\/p>\n<p>Diese Seite ist in Arbeit<\/p>\n<p>&nbsp;<\/p>\n<p>&nbsp;<\/p>\n<p>&nbsp;<\/p>\n<p>&nbsp;<\/p>\n<p>&nbsp;<\/p>\n<p>&nbsp;<\/p>\n<h2>Archiv<\/h2>\n<p><strong><span style=\"color: #ff0000;\">19. M\u00e4rz 2022, um 17 Uhr<\/span><br \/>\n<\/strong><\/p>\n<p><strong>GALERIE Sechsschimmelgasse 14, 1090 Wien<\/strong><\/p>\n<p>AUSSTELLUNG von unserer Rechnungspr\u00fcferin<br \/>\nTONIA\u00a0KOS gemeinsam mit Jagoda LESSEL<br \/>\nvon 8. bis 25. M\u00e4rz 2022<\/p>\n<p><strong><span style=\"color: #ff0000;\">PETRA\u00a0SELA<\/span> <\/strong><br \/>\n<strong>wird am 19. M\u00e4rz im Rahmen dieser Ausstellung <\/strong><br \/>\n<strong>Haiku mit Improvisationen <\/strong><strong>am Keyboard<\/strong><strong> vortragen.<\/strong><\/p>\n<h2><\/h2>\n<p style=\"text-align: left;\"><span style=\"color: #ff0000;\"><strong>BUCHPR\u00c4SENTATION<br \/>\n<\/strong><\/span>in der GALERIE AM PARK<br \/>\n1060 Wien, Liniengasse 2A<\/p>\n<p style=\"text-align: left;\"><span style=\"color: #ff0000;\"><strong>Lotosbl\u00fcte 2021 der \u00d6HG<br \/>\n<\/strong><\/span>Herausgeberin und Mitautorin: Petra Sela<\/p>\n<p style=\"text-align: left;\"><strong><span style=\"color: #ff0000;\">Freitag, 12. November 2021 um 18:30 Uhr<br \/>\n<\/span><\/strong><\/p>\n<p style=\"text-align: left;\">im Rahmen einer Ausstellung von arteMIX<br \/>\nMit LESUNG und MUSIK<br \/>\nKeyboard PETRA SELA, Oceandrum VERENA PRANDST\u00c4TTER<\/p>\n<p style=\"text-align: left;\">Vortragende:<br \/>\nSylvia Bacher, Susanne Moser-Patuzzi, Mara Rei, Petra Sela<\/p>\n<p style=\"text-align: left;\"><strong><span style=\"color: #ff0000;\">durch den Abend f\u00fchrt PETRA SELA<\/span> <\/strong><\/p>\n<h2>***********************************<\/h2>\n<p><strong><span style=\"color: #ff0000;\">Ausstellung in der Galerie<\/span><\/strong><br \/>\n<strong><span style=\"color: #ff0000;\">DIE SCH\u00d6NE<\/span><\/strong><br \/>\nunter dem Titel<strong> &#8222;Schwarz-Wei\u00df ?&#8220;<br \/>\n<\/strong>1160 Wien, Kuffnergasse 7 (Ottakringer)<br \/>\n<span style=\"color: #ff0000;\">VERNISSAGE: <\/span><br \/>\n<strong><span style=\"color: #ff0000;\">Samstag, 7. September 2019 ab 19:00 Uhr<\/span><\/strong><\/p>\n<p><a href=\"http:\/\/petra-sela.com\/neu\/wp-content\/uploads\/2020\/07\/IMG_20190907_182819.jpg\"><img decoding=\"async\" loading=\"lazy\" class=\"alignnone wp-image-588\" src=\"http:\/\/petra-sela.com\/neu\/wp-content\/uploads\/2020\/07\/IMG_20190907_182819-300x225.jpg\" alt=\"\" width=\"321\" height=\"241\" srcset=\"https:\/\/petra-sela.com\/neu\/wp-content\/uploads\/2020\/07\/IMG_20190907_182819-300x225.jpg 300w, https:\/\/petra-sela.com\/neu\/wp-content\/uploads\/2020\/07\/IMG_20190907_182819-150x113.jpg 150w, https:\/\/petra-sela.com\/neu\/wp-content\/uploads\/2020\/07\/IMG_20190907_182819-1024x768.jpg 1024w\" sizes=\"(max-width: 321px) 100vw, 321px\" \/><\/a><\/p>\n<pre><strong>Abschlussausstellung des Symposiums 8 internationaler K\u00fcnstlerinnen und K\u00fcnstler der Kunstplattform arteMIX.<\/strong><\/pre>\n<p>gemeinsam mit folgenden K\u00fcnstlerinnen\/K\u00fcnstlern:<br \/>\nKyoko Adaniya-Holm, Laszlo Botar, Csaba Fazakas, Nino Holm, Klaus Joachim Keller, Verena Prandst\u00e4tter und Rudolf Svoboda. N\u00e4heres zu den K\u00fcnstlern auf der homepage: <a href=\"http:\/\/artemix.at\">http:\/\/artemix.at<\/a><\/p>\n<h2><strong><span style=\"color: #db3b3b;\">AUSSTELLUNG und LESUNG<\/span><\/strong><\/h2>\n<p><a href=\"http:\/\/petra-sela.com\/neu\/wp-content\/uploads\/2019\/06\/Fluss-des-Lebens-Wellpappe.jpg\"><img decoding=\"async\" loading=\"lazy\" class=\"alignnone size-medium wp-image-566\" src=\"http:\/\/petra-sela.com\/neu\/wp-content\/uploads\/2019\/06\/Fluss-des-Lebens-Wellpappe-280x300.jpg\" alt=\"\" width=\"280\" height=\"300\" srcset=\"https:\/\/petra-sela.com\/neu\/wp-content\/uploads\/2019\/06\/Fluss-des-Lebens-Wellpappe-280x300.jpg 280w, https:\/\/petra-sela.com\/neu\/wp-content\/uploads\/2019\/06\/Fluss-des-Lebens-Wellpappe-140x150.jpg 140w, https:\/\/petra-sela.com\/neu\/wp-content\/uploads\/2019\/06\/Fluss-des-Lebens-Wellpappe-957x1024.jpg 957w, https:\/\/petra-sela.com\/neu\/wp-content\/uploads\/2019\/06\/Fluss-des-Lebens-Wellpappe.jpg 1133w\" sizes=\"(max-width: 280px) 100vw, 280px\" \/><\/a><\/p>\n<p><span style=\"color: #db3b3b;\"><strong>Montag, 24. Juni, 18 Uhr VERNISSAGE<\/strong><\/span><strong><span style=\"color: #ff0000;\">\u00a0\u00a0<\/span>\u00a0\u00a0\u00a0\u00a0\u00a0\u00a0\u00a0\u00a0\u00a0\u00a0\u00a0\u00a0\u00a0\u00a0\u00a0 <\/strong><\/p>\n<p><span style=\"color: #db3b3b;\"><strong>Petra Sela<br \/>\n<\/strong><\/span>und gesch\u00e4tzte andere K\u00fcnstlerinnen stellen aus:<\/p>\n<p>EVELYN DOLL &#8211; \u00a0ELISABETH FISCHER \u2013FRIEDERIKE HUBATSCHEK &#8211; JAGODA LESSEL \u2013 GNESSIA MEDSCHEEDOWA \u2013 LIANE PRESICH-PETUELLI \u2013 EDITH SLUSZANSKI-MATTES &#8211;<span style=\"color: #db3b3b;\"> <strong>PETRA SELA<\/strong><\/span><\/p>\n<p>Einf\u00fchrende Worte: Verena Prandst\u00e4tter<br \/>\nIch m\u00f6chte Euch gerne meine <strong>neuen Arbeiten<\/strong> vorstellen.<\/p>\n<p><span style=\"color: #db3b3b;\"><strong>Freitag, 28. Juni, 18-21 Uhr\u00a0 FINISSAGE<\/strong><\/span><\/p>\n<p><span style=\"color: #ff0000;\"><span style=\"color: #db3b3b;\"><strong>Petra Sela LESUNG<br \/>\n<\/strong><\/span><span style=\"color: #000000;\">aus meinem Buch<br \/>\n\u201eder k\u00e4mmerer und die glut\u00e4ugige\u201c<br \/>\n<\/span><\/span><\/p>\n<p>Auszug: \u201eh\u00f6llisch flirrt die luft in des k\u00e4mmerers garten er kann sich des schwei\u00dfes nicht erwehren wie lava str\u00f6mt die hitze \u00fcber baum und strauch und gras der k\u00e4fer bleibt nicht verschont und nicht die grille die aus dem mauervorsprung grillt \u2026\u201c<\/p>\n<p><span style=\"color: #000000;\">Fabian Zechmeister<br \/>\nspielt auf der irischen Bouzouki<\/span><\/p>\n<p><strong>Internationale K\u00fcnstlergruppe arteMIX<\/strong><\/p>\n<p>Herzliche Einladung zur <strong>ersten<\/strong> der sechs Gemeinschaftsausstellungen<br \/>\nim Kunstraum in den Ringstrassen Galerien<\/p>\n<p><span style=\"color: #db3b3b;\"><strong>Ausstellung von \u00a024. \u2013 28. 6. 2019<\/strong><\/span><\/p>\n<p><strong>in der Galerie Mag. Thurnhofer:<span style=\"color: #db3b3b;\"> <em>DER<\/em> KUNSTRAUM Ringstrassen Galerien<\/span><br \/>\n<\/strong>1010 Wien, K\u00e4rntnerring 11\/1. Stock, Rolltreppe oder Aufzug<br \/>\n\u00d6ffnungszeiten: 10 bis 18 Uhr<\/p>\n<p style=\"text-align: left;\"><a href=\"http:\/\/www.artemix.at\">www.artemix.at<\/a><\/p>\n<p style=\"text-align: left;\"><u><a href=\"http:\/\/facebook.com\/artemixwien\">facebook.com\/artemixwien<\/a><\/u><\/p>\n<p>&nbsp;<\/p>\n<p>&nbsp;<\/p>\n<p>&nbsp;<\/p>\n<p>&nbsp;<\/p>\n<p>&nbsp;<\/p>\n<p><span style=\"font-size: 14px;\"><span style=\"color: #a52a2a;\"><strong>\u00a0 \u00a0 \u00a0 \u00a0 \u00a0 \u00a0 \u00a0<\/strong><\/span><\/span><\/p>\n<p><span style=\"font-size: 14px;\">\u00a0 \u00a0\u00a0<\/span><\/p>\n<p>&nbsp;<\/p>\n","protected":false},"excerpt":{"rendered":"<p>&nbsp; &nbsp; Aktuell &nbsp; Diese Seite ist in Arbeit &nbsp; &nbsp; &nbsp; &nbsp; &nbsp; &nbsp; Archiv 19. M\u00e4rz 2022, um 17 Uhr GALERIE Sechsschimmelgasse 14, 1090 Wien AUSSTELLUNG von unserer Rechnungspr\u00fcferin TONIA\u00a0KOS gemeinsam mit Jagoda LESSEL von 8. bis 25. M\u00e4rz 2022 PETRA\u00a0SELA wird am 19. M\u00e4rz im Rahmen dieser Ausstellung Haiku mit Improvisationen am &hellip; <a href=\"https:\/\/petra-sela.com\/neu\/termine\/\" class=\"more-link\"><span class=\"screen-reader-text\">Aktuell<\/span> weiterlesen<\/a><\/p>\n","protected":false},"author":1,"featured_media":0,"parent":0,"menu_order":0,"comment_status":"closed","ping_status":"closed","template":"","meta":[],"_links":{"self":[{"href":"https:\/\/petra-sela.com\/neu\/wp-json\/wp\/v2\/pages\/14"}],"collection":[{"href":"https:\/\/petra-sela.com\/neu\/wp-json\/wp\/v2\/pages"}],"about":[{"href":"https:\/\/petra-sela.com\/neu\/wp-json\/wp\/v2\/types\/page"}],"author":[{"embeddable":true,"href":"https:\/\/petra-sela.com\/neu\/wp-json\/wp\/v2\/users\/1"}],"replies":[{"embeddable":true,"href":"https:\/\/petra-sela.com\/neu\/wp-json\/wp\/v2\/comments?post=14"}],"version-history":[{"count":55,"href":"https:\/\/petra-sela.com\/neu\/wp-json\/wp\/v2\/pages\/14\/revisions"}],"predecessor-version":[{"id":671,"href":"https:\/\/petra-sela.com\/neu\/wp-json\/wp\/v2\/pages\/14\/revisions\/671"}],"wp:attachment":[{"href":"https:\/\/petra-sela.com\/neu\/wp-json\/wp\/v2\/media?parent=14"}],"curies":[{"name":"wp","href":"https:\/\/api.w.org\/{rel}","templated":true}]}}