{"id":51,"date":"2016-01-20T10:24:20","date_gmt":"2016-01-20T10:24:20","guid":{"rendered":"http:\/\/petra-sela.com\/neu\/?page_id=51"},"modified":"2023-01-10T19:07:54","modified_gmt":"2023-01-10T19:07:54","slug":"buecher-cd","status":"publish","type":"page","link":"https:\/\/petra-sela.com\/neu\/buecher-cd\/","title":{"rendered":"B\u00fccher \/ CD"},"content":{"rendered":"<p><span style=\"font-size: 16px;\"><span style=\"color: #a52a2a;\"><strong>Buch- und CD-Publikationen:<\/strong><\/span><\/span><\/p>\n<table border=\"0\" width=\"700\" cellspacing=\"1\" cellpadding=\"5\">\n<tbody>\n<tr>\n<td><strong>2022<\/strong><\/p>\n<p>&nbsp;<\/p>\n<p>&nbsp;<\/p>\n<p><strong>2021<\/strong><\/p>\n<p><a href=\"http:\/\/petra-sela.com\/neu\/wp-content\/uploads\/2022\/02\/Titelbild.jpeg\"><img decoding=\"async\" loading=\"lazy\" class=\"alignnone size-medium wp-image-644\" src=\"http:\/\/petra-sela.com\/neu\/wp-content\/uploads\/2022\/02\/Titelbild-195x300.jpeg\" alt=\"\" width=\"195\" height=\"300\" srcset=\"https:\/\/petra-sela.com\/neu\/wp-content\/uploads\/2022\/02\/Titelbild-195x300.jpeg 195w, https:\/\/petra-sela.com\/neu\/wp-content\/uploads\/2022\/02\/Titelbild-97x150.jpeg 97w, https:\/\/petra-sela.com\/neu\/wp-content\/uploads\/2022\/02\/Titelbild-665x1024.jpeg 665w, https:\/\/petra-sela.com\/neu\/wp-content\/uploads\/2022\/02\/Titelbild.jpeg 1672w\" sizes=\"(max-width: 195px) 100vw, 195px\" \/><\/a><\/p>\n<p>&nbsp;<\/p>\n<p><strong><br \/>\n2018<\/strong><\/p>\n<p><a href=\"http:\/\/petra-sela.com\/neu\/wp-content\/uploads\/2019\/02\/Titelbild-hellgr\u00fcner-Bambus20181012.jpg\"><img decoding=\"async\" loading=\"lazy\" class=\"alignnone size-medium wp-image-532\" src=\"http:\/\/petra-sela.com\/neu\/wp-content\/uploads\/2019\/02\/Titelbild-hellgr\u00fcner-Bambus20181012-184x300.jpg\" alt=\"\" width=\"184\" height=\"300\" srcset=\"https:\/\/petra-sela.com\/neu\/wp-content\/uploads\/2019\/02\/Titelbild-hellgr\u00fcner-Bambus20181012-184x300.jpg 184w, https:\/\/petra-sela.com\/neu\/wp-content\/uploads\/2019\/02\/Titelbild-hellgr\u00fcner-Bambus20181012-92x150.jpg 92w, https:\/\/petra-sela.com\/neu\/wp-content\/uploads\/2019\/02\/Titelbild-hellgr\u00fcner-Bambus20181012-629x1024.jpg 629w, https:\/\/petra-sela.com\/neu\/wp-content\/uploads\/2019\/02\/Titelbild-hellgr\u00fcner-Bambus20181012.jpg 997w\" sizes=\"(max-width: 184px) 100vw, 184px\" \/><\/a><\/p>\n<p>&nbsp;<\/p>\n<p>&nbsp;<\/p>\n<p><strong><br \/>\n2016<\/strong><\/p>\n<p><strong><img decoding=\"async\" style=\"width: 100px; height: 150px; border-width: 1px; border-style: solid; margin: 0px;\" src=\"http:\/\/petra-sela.com\/neu\/wp-content\/uploads\/2017\/04\/cover-noch-am-abend-der-klang20170405_11543855-e1491388568250.jpg\" alt=\"\" \/><\/strong><\/td>\n<td><span style=\"color: #800000;\"><em><b>in den zweigen. Haiku<br \/>\n<span style=\"color: #000000;\">120 Seiten, 12 Farbabbildungen mit Werken von Nino HOLM<\/span><br \/>\n<span style=\"color: #000000;\">Vorwort von Traude VERAN<\/span><br \/>\n<\/b><\/em><\/span><em><b>Deutsch &#8211; Englisch &#8211; Wiener Dialekt<\/b><\/em><span style=\"color: #800000;\"><em><b><br \/>\n<span style=\"color: #000000;\"><strong>ISBN:978-3-9504782-9-7<\/strong><\/span><br \/>\n<\/b><\/em><\/span>&nbsp;<\/p>\n<p><em><b><span style=\"color: #993366;\">FAHRTWIND mit der U-Bahn durch Wien. Haiku<br \/>\n<\/span><\/b><span style=\"color: #993366;\"><span style=\"color: #000000;\">100 Seiten, 13 Farbabbildungen mit Werken von Helmut RUSCHE<br \/>\nVorwort von Traude VERAN<br \/>\n<strong>ISBN:978-3-9504782-5-9<\/strong><\/span><\/span><\/em><\/p>\n<p>&nbsp;<\/p>\n<p>&nbsp;<\/p>\n<p>&nbsp;<\/p>\n<p>&nbsp;<\/p>\n<p>&nbsp;<\/p>\n<p><em><b><span style=\"color: #993366;\">hellgr\u00fcner Bambus<\/span>.<span style=\"color: #ff0000;\">\u00a0<\/span><\/b><strong>Haiku aus Wien.<br \/>\ndeutsch, englisch und japanisch<\/strong><br \/>\nmit Farbabbildungen, Werke von Petra SELA<br \/>\nWissenschaftlicher Kommentar und<br \/>\n\u00dcbersetzung <\/em><em>ins Japanische<\/em>:<br \/>\n<em>Univ.-Doz.in, Dr.in Hisaki HASHI<br \/>\n\u00dcbersetzungen ins Englische<\/em>:<em><br \/>\nRev. W. Kigen EKESON und <\/em><em>Dr. Sylvia BACHER<br \/>\n<strong>\u00a0ISBN: 978-3-9503584-8-3<\/strong><\/em><\/p>\n<p>&nbsp;<\/p>\n<p>&nbsp;<\/p>\n<p>&nbsp;<\/p>\n<p>&nbsp;<\/p>\n<p><span style=\"color: #993366;\"><em><b>noch am abend der klang<br \/>\n<\/b><\/em><\/span><em><span style=\"font-size: 14px;\"><strong>Haiku\u00a0 deutsch und japanisch<\/strong><\/span><br \/>\nmit Tuschmalerei von Kyoko ADANIYA-HOLM<\/em><br \/>\n<em>\u00dcbersetzung ins Japanische von<br \/>\nUniv.-Doz.in, Dr.in Hisaki HASHI<br \/>\nVorwort: Traude Veran<br \/>\n<strong>\u00a0ISBN: 978-3-9503584-6-9<\/strong><\/em><\/td>\n<\/tr>\n<tr>\n<td><strong>2016<\/strong><\/td>\n<td>&nbsp;<\/p>\n<p><em><span style=\"color: #993366;\"><b>oder was da sonst<br \/>\n<\/b><\/span>Lyrik<br \/>\nmit Bildern von Rudolf SVOBODA, aus der Serie &#8222;der rote Faden&#8220;.<br \/>\nZum Buch: Traude Veran<br \/>\n74 Seiten,<strong> ISBN: 978-3-85273-208-4<\/strong><\/em><\/td>\n<\/tr>\n<tr>\n<td><\/td>\n<td><\/td>\n<\/tr>\n<tr>\n<td><strong>2013<\/strong><\/p>\n<p><a title=\"\" href=\"http:\/\/petra-sela.com\/neu\/buecher-cd\/179bcover-wie-sonne-und-mond\/\" target=\"\" rel=\"attachment wp-att-204 noopener noreferrer\"><img decoding=\"async\" loading=\"lazy\" class=\"alignnone size-thumbnail wp-image-204\" style=\"border: 1px solid black;\" title=\"\" src=\"http:\/\/petra-sela.com\/neu\/wp-content\/uploads\/2016\/01\/179bCover-Wie-Sonne-und-Mond-112x150.jpg\" alt=\"179bCover Wie Sonne und Mond\" width=\"112\" height=\"150\" srcset=\"https:\/\/petra-sela.com\/neu\/wp-content\/uploads\/2016\/01\/179bCover-Wie-Sonne-und-Mond-112x150.jpg 112w, https:\/\/petra-sela.com\/neu\/wp-content\/uploads\/2016\/01\/179bCover-Wie-Sonne-und-Mond-225x300.jpg 225w, https:\/\/petra-sela.com\/neu\/wp-content\/uploads\/2016\/01\/179bCover-Wie-Sonne-und-Mond-767x1024.jpg 767w\" sizes=\"(max-width: 112px) 100vw, 112px\" \/><\/a><\/td>\n<td>&nbsp;<\/p>\n<p><span style=\"color: #800000;\"><em><strong>Wie Sonne und Mond. Eine Hommage an Matsuo Bash\u00f4.<\/strong><\/em><\/span> Haiku deutsch, englisch, japanisch, mit Kommentar von Univ.-Doz. Dr. Hisaki Hashi und weiteren wissenschaftlichen Beitr\u00e4gen. Tuschmalereien von Tonia Kos<\/td>\n<\/tr>\n<tr>\n<td><strong>2011<\/strong><\/p>\n<p><a href=\"http:\/\/petra-sela.com\/neu\/beruehrungen\/\" rel=\"attachment wp-att-128\"><img decoding=\"async\" loading=\"lazy\" class=\"alignnone size-thumbnail wp-image-128\" src=\"http:\/\/petra-sela.com\/neu\/wp-content\/uploads\/2016\/01\/Ber\u00fchrungen1-120x150.png\" alt=\"Ber\u00fchrungen1\" width=\"120\" height=\"150\" srcset=\"https:\/\/petra-sela.com\/neu\/wp-content\/uploads\/2016\/01\/Ber\u00fchrungen1-120x150.png 120w, https:\/\/petra-sela.com\/neu\/wp-content\/uploads\/2016\/01\/Ber\u00fchrungen1-240x300.png 240w, https:\/\/petra-sela.com\/neu\/wp-content\/uploads\/2016\/01\/Ber\u00fchrungen1.png 472w\" sizes=\"(max-width: 120px) 100vw, 120px\" \/><\/a><\/td>\n<td>&nbsp;<\/p>\n<p><a href=\"http:\/\/petra-sela.com\/neu\/beruehrungen\"><span style=\"color: #800000;\"><em><strong>Ber\u00fchrungen. Tagesaufzeichnungen \u2013 Gedanken \u2013 Verr\u00fccktes<\/strong><\/em><\/span>,<\/a><br \/>\nLyrik und Prosa,<br \/>\n2. Auflage<\/td>\n<\/tr>\n<tr>\n<td><strong>2009<\/strong><\/td>\n<td><span style=\"color: #800000;\"><em><strong>Ber\u00fchrungen. Tagesaufzeichnungen \u2013 Gedanken \u2013 Verr\u00fccktes<\/strong><\/em><\/span>,<br \/>\nLyrik und Prosa<\/td>\n<\/tr>\n<tr>\n<td><strong>2008<\/strong><\/p>\n<p><a href=\"http:\/\/petra-sela.com\/neu\/buecher-cd\/sinds-karpfen-oder\/\" rel=\"attachment wp-att-122\"><img decoding=\"async\" loading=\"lazy\" class=\"alignnone size-thumbnail wp-image-122\" src=\"http:\/\/petra-sela.com\/neu\/wp-content\/uploads\/2016\/01\/Sinds-Karpfen-oder-150x150.jpg\" alt=\"Sind's Karpfen oder\" width=\"150\" height=\"150\" srcset=\"https:\/\/petra-sela.com\/neu\/wp-content\/uploads\/2016\/01\/Sinds-Karpfen-oder-150x150.jpg 150w, https:\/\/petra-sela.com\/neu\/wp-content\/uploads\/2016\/01\/Sinds-Karpfen-oder-300x300.jpg 300w, https:\/\/petra-sela.com\/neu\/wp-content\/uploads\/2016\/01\/Sinds-Karpfen-oder.jpg 709w\" sizes=\"(max-width: 150px) 100vw, 150px\" \/><\/a><\/td>\n<td><span style=\"color: #800000;\"><em><strong>Sind\u2019s Karpfen oder Schmetterlinge. Haiku und Senryu aus Wien<\/strong><\/em><\/span><br \/>\nDavon gibt es auch eine bibliophile limitierte Auflage mit 17 ausgew\u00e4hlten<br \/>\nHaiku, handgeschrieben und<br \/>\nmit Tuschmalereien von Tonia Kos.<\/td>\n<\/tr>\n<tr>\n<td><strong>2005<\/strong><\/p>\n<p><a href=\"http:\/\/petra-sela.com\/neu\/neni\/\" rel=\"attachment wp-att-121\"><img decoding=\"async\" loading=\"lazy\" class=\"alignnone size-thumbnail wp-image-121\" src=\"http:\/\/petra-sela.com\/neu\/wp-content\/uploads\/2016\/01\/Neni-105x150.jpg\" alt=\"Neni\" width=\"105\" height=\"150\" srcset=\"https:\/\/petra-sela.com\/neu\/wp-content\/uploads\/2016\/01\/Neni-105x150.jpg 105w, https:\/\/petra-sela.com\/neu\/wp-content\/uploads\/2016\/01\/Neni-210x300.jpg 210w, https:\/\/petra-sela.com\/neu\/wp-content\/uploads\/2016\/01\/Neni.jpg 413w\" sizes=\"(max-width: 105px) 100vw, 105px\" \/><\/a><\/td>\n<td><a href=\"http:\/\/petra-sela.com\/neu\/neni\/\"><span style=\"color: #800000;\"><em><strong>Neni. Geschichten einer Wienerin<\/strong><\/em><\/span><\/a>, Kurzgeschichten<br \/>\nmit Fotos aus Wien von Petra Sela.<\/td>\n<\/tr>\n<tr>\n<td><strong>2003<\/strong><\/p>\n<p><a href=\"http:\/\/petra-sela.com\/neu\/leda-und-der-schwan\/\" rel=\"attachment wp-att-120\"><img decoding=\"async\" loading=\"lazy\" class=\"alignnone size-thumbnail wp-image-120\" src=\"http:\/\/petra-sela.com\/neu\/wp-content\/uploads\/2016\/01\/Leda-und-der-Schwan-113x150.jpg\" alt=\"Leda und der Schwan\" width=\"113\" height=\"150\" srcset=\"https:\/\/petra-sela.com\/neu\/wp-content\/uploads\/2016\/01\/Leda-und-der-Schwan-113x150.jpg 113w, https:\/\/petra-sela.com\/neu\/wp-content\/uploads\/2016\/01\/Leda-und-der-Schwan-225x300.jpg 225w, https:\/\/petra-sela.com\/neu\/wp-content\/uploads\/2016\/01\/Leda-und-der-Schwan.jpg 354w\" sizes=\"(max-width: 113px) 100vw, 113px\" \/><\/a><\/td>\n<td><a href=\"http:\/\/petra-sela.com\/neu\/leda-und-der-schwan\/\"><span style=\"color: #800000;\"><em><strong>Leda und der Schwan<\/strong><\/em><\/span><\/a>, Gedichtzyklus zur griechischen Mythologie<br \/>\nmit Collagen von Rudolf Svoboda<\/td>\n<\/tr>\n<tr>\n<td><strong>2001<\/strong><a href=\"http:\/\/petra-sela.com\/neu\/das-leben-ein-raetsel\/\" rel=\"attachment wp-att-113\"><img decoding=\"async\" loading=\"lazy\" class=\"alignnone size-thumbnail wp-image-113\" src=\"http:\/\/petra-sela.com\/neu\/wp-content\/uploads\/2016\/01\/Das-Leben-ein-R\u00e4tsel-118x150.jpg\" alt=\"Das Leben ein R\u00e4tsel\" width=\"118\" height=\"150\" srcset=\"https:\/\/petra-sela.com\/neu\/wp-content\/uploads\/2016\/01\/Das-Leben-ein-R\u00e4tsel-118x150.jpg 118w, https:\/\/petra-sela.com\/neu\/wp-content\/uploads\/2016\/01\/Das-Leben-ein-R\u00e4tsel-236x300.jpg 236w, https:\/\/petra-sela.com\/neu\/wp-content\/uploads\/2016\/01\/Das-Leben-ein-R\u00e4tsel.jpg 437w\" sizes=\"(max-width: 118px) 100vw, 118px\" \/><\/a><\/td>\n<td><a href=\"http:\/\/petra-sela.com\/neu\/das-leben-ein-raetsel\/\"><span style=\"color: #800000;\"><em><strong>Das Leben &#8211; ein R\u00e4tsel<\/strong><\/em><\/span>,<\/a> Lyrik<\/td>\n<\/tr>\n<tr>\n<td><strong>2000<\/strong><\/p>\n<p><a href=\"http:\/\/petra-sela.com\/neu\/zoegernd-das-sonnenlicht\/\" rel=\"attachment wp-att-126\"><img decoding=\"async\" loading=\"lazy\" class=\"alignnone size-thumbnail wp-image-126\" src=\"http:\/\/petra-sela.com\/neu\/wp-content\/uploads\/2016\/01\/z\u00f6gernd-das-sonnenlicht-105x150.jpg\" alt=\"z\u00f6gernd das sonnenlicht\" width=\"105\" height=\"150\" srcset=\"https:\/\/petra-sela.com\/neu\/wp-content\/uploads\/2016\/01\/z\u00f6gernd-das-sonnenlicht-105x150.jpg 105w, https:\/\/petra-sela.com\/neu\/wp-content\/uploads\/2016\/01\/z\u00f6gernd-das-sonnenlicht-210x300.jpg 210w, https:\/\/petra-sela.com\/neu\/wp-content\/uploads\/2016\/01\/z\u00f6gernd-das-sonnenlicht.jpg 413w\" sizes=\"(max-width: 105px) 100vw, 105px\" \/><\/a><\/td>\n<td><span style=\"color: #a52a2a;\"><em><strong>z\u00f6<\/strong><\/em><\/span><a href=\"http:\/\/petra-sela.com\/neu\/buecher-cd\/zoegernd-das-sonnenlicht\/\"><span style=\"color: #800000;\"><em><strong>gernd das sonnenlicht<\/strong><\/em><\/span>,<\/a> Haiku in deutsch und japanisch<br \/>\nmit Tuschmalereien von<br \/>\nKyoko Adanyia-Baier<\/td>\n<\/tr>\n<tr>\n<td><img decoding=\"async\" style=\"border-width: 1px; border-style: solid; width: 100px; height: 96px;\" src=\"http:\/\/petra-sela.com\/neu\/wp-content\/uploads\/2016\/03\/Brooda-CD196.jpg\" alt=\"\" \/><\/td>\n<td><span style=\"color: #800000;\"><em><strong>Waun i duach\u2019n Brooda geh. Spaziergang durch den Prater<\/strong><\/em><\/span>, <strong>CD<\/strong><br \/>\nMusikalisches Arrangement und Gesang:<br \/>\nGerhard Hufnagl<\/td>\n<\/tr>\n<tr>\n<td><strong>1999<\/strong><\/p>\n<p><a href=\"http:\/\/petra-sela.com\/neu\/a-braada-weg-wauns-schneibt\/\" rel=\"attachment wp-att-107\"><img decoding=\"async\" loading=\"lazy\" class=\"alignnone size-thumbnail wp-image-107\" src=\"http:\/\/petra-sela.com\/neu\/wp-content\/uploads\/2016\/01\/A-braada-Weg-125x150.jpg\" alt=\"A braada Weg\" width=\"125\" height=\"150\" srcset=\"https:\/\/petra-sela.com\/neu\/wp-content\/uploads\/2016\/01\/A-braada-Weg-125x150.jpg 125w, https:\/\/petra-sela.com\/neu\/wp-content\/uploads\/2016\/01\/A-braada-Weg-250x300.jpg 250w, https:\/\/petra-sela.com\/neu\/wp-content\/uploads\/2016\/01\/A-braada-Weg.jpg 591w\" sizes=\"(max-width: 125px) 100vw, 125px\" \/><\/a><\/p>\n<p><img decoding=\"async\" style=\"width: 100px; height: 98px;\" src=\"http:\/\/petra-sela.com\/neu\/wp-content\/uploads\/2016\/03\/A-braada-Weg-CD197.jpg\" alt=\"\" \/><\/td>\n<td>&nbsp;<\/p>\n<p><a href=\"http:\/\/petra-sela.com\/neu\/a-braada-weg-wauns-schneibt\/\"><span style=\"color: #800000;\"><em><strong>A braada Weg waun\u2019s schneibt. Winterreise weanarisch<\/strong><\/em><\/span><\/a>,<br \/>\nLyrik mit CD<br \/>\nIllustrationen: Jutta Waloschek,<br \/>\nMusik und Gesang: Gerhard Hufnagl<\/td>\n<\/tr>\n<tr>\n<td><strong>1997<\/strong><a href=\"http:\/\/petra-sela.com\/neu\/winterreise\/\" rel=\"attachment wp-att-125\"><img decoding=\"async\" loading=\"lazy\" class=\"alignnone size-thumbnail wp-image-125\" src=\"http:\/\/petra-sela.com\/neu\/wp-content\/uploads\/2016\/01\/Winterreise-125x150.jpg\" alt=\"Winterreise\" width=\"125\" height=\"150\" srcset=\"https:\/\/petra-sela.com\/neu\/wp-content\/uploads\/2016\/01\/Winterreise-125x150.jpg 125w, https:\/\/petra-sela.com\/neu\/wp-content\/uploads\/2016\/01\/Winterreise-250x300.jpg 250w, https:\/\/petra-sela.com\/neu\/wp-content\/uploads\/2016\/01\/Winterreise.jpg 591w\" sizes=\"(max-width: 125px) 100vw, 125px\" \/><\/a><\/td>\n<td><a href=\"http:\/\/petra-sela.com\/neu\/winterreise\/\"><span style=\"color: #800000;\"><em><strong>Winterreise. damals \u2013 heute<\/strong><\/em><\/span><\/a>, Textreduktionen,<br \/>\nanl\u00e4sslich des 200. Geburtstages von Franz Schubert<br \/>\nmit Scherenschnitten von Liane Presich-Petuelli<\/td>\n<\/tr>\n<tr>\n<td><strong>1996<\/strong><\/p>\n<p><a href=\"http:\/\/petra-sela.com\/neu\/verwoben\/\" rel=\"attachment wp-att-124\"><img decoding=\"async\" loading=\"lazy\" class=\"alignnone size-thumbnail wp-image-124\" style=\"border: 1px solid black;\" title=\"\" src=\"http:\/\/petra-sela.com\/neu\/wp-content\/uploads\/2016\/01\/verwoben-120x150.jpg\" alt=\"verwoben\" width=\"120\" height=\"150\" srcset=\"https:\/\/petra-sela.com\/neu\/wp-content\/uploads\/2016\/01\/verwoben-120x150.jpg 120w, https:\/\/petra-sela.com\/neu\/wp-content\/uploads\/2016\/01\/verwoben-240x300.jpg 240w, https:\/\/petra-sela.com\/neu\/wp-content\/uploads\/2016\/01\/verwoben.jpg 472w\" sizes=\"(max-width: 120px) 100vw, 120px\" \/><\/a><\/td>\n<td>&nbsp;<\/p>\n<p><a href=\"http:\/\/petra-sela.com\/neu\/verwoben\/\"><span style=\"color: #800000;\"><em><strong>verwoben<\/strong><\/em><\/span>,<\/a> Haiku in deutsch und japanisch mit Fotos von<br \/>\nWebearbeiten der K\u00fcnstlerin Kyoko Adanyia-Baier<\/td>\n<\/tr>\n<tr>\n<td><img decoding=\"async\" style=\"width: 140px; height: 140px;\" src=\"http:\/\/petra-sela.com\/neu\/wp-content\/uploads\/2016\/03\/der-k\u00e4mmerer195.jpg\" alt=\"\" \/><\/td>\n<td><span style=\"color: #800000;\"><strong><em>der k\u00e4mmerer und die glut\u00e4ugige<\/em><\/strong><\/span>, experimentelle Prosa<\/td>\n<\/tr>\n<tr>\n<td><strong>1994<\/strong><\/p>\n<p><a href=\"http:\/\/petra-sela.com\/neu\/umflut\/\" rel=\"attachment wp-att-123\"><img decoding=\"async\" loading=\"lazy\" class=\"alignnone size-thumbnail wp-image-123\" title=\"\" src=\"http:\/\/petra-sela.com\/neu\/wp-content\/uploads\/2016\/01\/Umflut-120x150.jpg\" alt=\"Umflut\" width=\"120\" height=\"150\" srcset=\"https:\/\/petra-sela.com\/neu\/wp-content\/uploads\/2016\/01\/Umflut-120x150.jpg 120w, https:\/\/petra-sela.com\/neu\/wp-content\/uploads\/2016\/01\/Umflut-240x300.jpg 240w, https:\/\/petra-sela.com\/neu\/wp-content\/uploads\/2016\/01\/Umflut.jpg 472w\" sizes=\"(max-width: 120px) 100vw, 120px\" \/><\/a><\/td>\n<td>&nbsp;<\/p>\n<p><a href=\"http:\/\/petra-sela.com\/neu\/umflut\/\"><span style=\"color: #800000;\"><em><strong>Umflut<\/strong><\/em><\/span><\/a>, Lyrik, mit Scherenschnitt-Collagen von<br \/>\nLiane Presich-Petuelli<\/td>\n<\/tr>\n<\/tbody>\n<\/table>\n<p><span style=\"font-size: 16px;\"><span style=\"color: #a52a2a;\"><strong>HERAUSGEBERIN von:<\/strong><\/span><\/span><\/p>\n<table style=\"width: 641px; height: 788px;\" border=\"0\" cellspacing=\"5\" cellpadding=\"5\">\n<tbody>\n<tr>\n<td><strong>2013 &#8211; 2021<\/strong><\/p>\n<p><strong><a href=\"http:\/\/petra-sela.com\/neu\/buecher-cd\/lotosbluete-2015181\/\" rel=\"attachment wp-att-208\"><img decoding=\"async\" loading=\"lazy\" class=\"alignnone size-thumbnail wp-image-208\" src=\"http:\/\/petra-sela.com\/neu\/wp-content\/uploads\/2016\/01\/Lotosbl\u00fcte-2015181-104x150.jpg\" alt=\"Lotosbl\u00fcte 2015181\" width=\"104\" height=\"150\" srcset=\"https:\/\/petra-sela.com\/neu\/wp-content\/uploads\/2016\/01\/Lotosbl\u00fcte-2015181-104x150.jpg 104w, https:\/\/petra-sela.com\/neu\/wp-content\/uploads\/2016\/01\/Lotosbl\u00fcte-2015181-208x300.jpg 208w, https:\/\/petra-sela.com\/neu\/wp-content\/uploads\/2016\/01\/Lotosbl\u00fcte-2015181-710x1024.jpg 710w, https:\/\/petra-sela.com\/neu\/wp-content\/uploads\/2016\/01\/Lotosbl\u00fcte-2015181.jpg 1703w\" sizes=\"(max-width: 104px) 100vw, 104px\" \/><\/a><\/strong><\/td>\n<td><strong><span style=\"color: #800000;\"><em>Lotosbl\u00fcte<\/em><\/span><br \/>\n<em><span style=\"color: #993366;\">Jahrbuch<\/span><\/em> der \u00d6sterreichischen Haiku Gesellschaft<br \/>\n<\/strong><strong><span style=\"color: #800000;\"><em>Lotosbl\u00fcte 2020<\/em><\/span> <em><span style=\"color: #993366;\">Jahrbuch<\/span><\/em> der \u00d6sterr. Haiku Gesellschaft<br \/>\n<span style=\"color: #993366;\">Jubil\u00e4umsausgabe &#8211; 10 Jahre \u00d6HG<\/span><\/strong><\/td>\n<\/tr>\n<tr>\n<td><strong>2021<\/strong><\/p>\n<p><a href=\"http:\/\/petra-sela.com\/neu\/wp-content\/uploads\/2022\/02\/HAIGA-Foto-vom-Umschlag.jpeg\"><img decoding=\"async\" loading=\"lazy\" class=\"alignnone size-medium wp-image-649\" src=\"http:\/\/petra-sela.com\/neu\/wp-content\/uploads\/2022\/02\/HAIGA-Foto-vom-Umschlag-209x300.jpeg\" alt=\"\" width=\"209\" height=\"300\" srcset=\"https:\/\/petra-sela.com\/neu\/wp-content\/uploads\/2022\/02\/HAIGA-Foto-vom-Umschlag-209x300.jpeg 209w, https:\/\/petra-sela.com\/neu\/wp-content\/uploads\/2022\/02\/HAIGA-Foto-vom-Umschlag-104x150.jpeg 104w, https:\/\/petra-sela.com\/neu\/wp-content\/uploads\/2022\/02\/HAIGA-Foto-vom-Umschlag-713x1024.jpeg 713w, https:\/\/petra-sela.com\/neu\/wp-content\/uploads\/2022\/02\/HAIGA-Foto-vom-Umschlag.jpeg 985w\" sizes=\"(max-width: 209px) 100vw, 209px\" \/><\/a><\/td>\n<td>\n<h4><span style=\"color: #993366;\">Kunst &amp; Wort &#8211; HAIGA<\/span><\/h4>\n<p>92 Seiten, Format: 17 x 24 cm,<br \/>\n40 Farbabbildungen ISBN 978-3-9504782-6-6<\/p>\n<p>Erh\u00e4ltlich im Buchhandel und bei: <a href=\"mailto:oesterr-haikuges@gmx.at\">oesterr-haikuges@gmx.at<\/a><\/p>\n<p>Ein gemeinsames Projekt der bildenden K\u00fcnstlerInnen des Kunstvereins arteMIX und der AutorInnen der \u00d6sterreichischen Haiku Gesellschaft.<br \/>\n40 namhafte K\u00fcnstlerInnen stellten die Abbildung eines Werkes<br \/>\nzur Verf\u00fcgung, welche zur Haiku-Dichtung inspirieren sollten.<br \/>\nSo entstanden zahlreiche HAIGA von 35 Autorinnen und Autoren;<br \/>\n6 Haiku\/Haiga zu jedem Bild.<\/td>\n<\/tr>\n<tr>\n<td><strong>2012<\/strong><\/p>\n<p>&nbsp;<\/p>\n<p>&nbsp;<\/p>\n<p>&nbsp;<\/p>\n<p>&nbsp;<\/p>\n<p><strong>2015<\/strong><\/p>\n<p><img decoding=\"async\" src=\"http:\/\/petra-sela.com\/neu\/wp-content\/uploads\/2016\/01\/Titelseite-Schmelztiegel-177-105x150.jpg\" alt=\"Titelseite Schmelztiegel 177\" \/><\/td>\n<td>Hisaki HASHI:<br \/>\n<span style=\"color: #b22222;\"><strong>KYOTOSCHULE &#8211; ZEN &#8211; HEIDEGGER<br \/>\nKomparative Philosophie zur globalen Welt <\/strong><\/span><strong>\u00a0<\/strong><br \/>\n230 SeitenUniv.-Doz. Dr. MMag. Hisaki\u00a0Hashi lehrt am Institut f\u00fcr Philosophie der Universit\u00e4t Wien. F\u00fcr ihre komparativ-philosophischen und interdisziplin\u00e4ren Forschungen wurden ihr der Theodor-K\u00f6rner-Preis sowie andere Anerkennungen und Preise verliehen. Zahlreiche Publikationen im internationalen Kreis.<span style=\"color: #b22222;\"><strong>WIEN ALS SCHMELZTIEGEL DER HAIKU-DICHTUNG<br \/>\nklassische und moderne Haiku-Dichtung<br \/>\n<\/strong><\/span>deutsch \/ englischBeitr\u00e4ge des Symposiums der \u00d6HG 2014<\/td>\n<\/tr>\n<tr>\n<td><\/td>\n<td><strong>Petra SELA ist au\u00dferdem Herausgeberin\u00a0<span style=\"font-size: 14px;\">diverser weiterer B\u00fccher,<br \/>\nvor allem aus dem Genre des Haiku<\/span><\/strong><\/td>\n<\/tr>\n<\/tbody>\n<\/table>\n<p>&nbsp;<\/p>\n<p><span style=\"font-size: 16px;\"><span style=\"color: #a52a2a;\"><strong>MITHERAUSGEBERIN von:<\/strong><\/span><\/span><\/p>\n<p><a href=\"http:\/\/petra-sela.com\/neu\/erika-mitterer-alle-unsere-spiele\/\"><span style=\"color: #800000;\"><strong>Erika Mitterer: <em>Alle unsere Spiele<\/em><\/strong><\/span>,<\/a> Roman<\/p>\n<p><a href=\"http:\/\/petra-sela.com\/neu\/erika-mitterer-das-gesamte-lyrische-werk-in-3-baenden\/\"><span style=\"color: #800000;\"><strong>Erika Mitterer: <em>Das gesamte lyrische Werk<\/em><\/strong><\/span>,<\/a> 3 B\u00e4nde im Schuber<\/p>\n<p><span style=\"color: #800000;\"><strong>Erika Mitterer: <em><a href=\"http:\/\/petra-sela.com\/neu\/erika-mitterer-dramen-i\/\">Dramen I<\/a>, <a href=\"http:\/\/petra-sela.com\/neu\/erika-mitterer-dramen-ii\/\">II<\/a>,\u00a0<a href=\"http:\/\/petra-sela.com\/neu\/erika-mitterer-dramen-iii\/\">III<\/a><\/em><\/strong><\/span><\/p>\n<p><a href=\"http:\/\/petra-sela.com\/neu\/anton-wildgans-tiefer-blick\/\"><span style=\"color: #800000;\"><strong>Anton Wildgans &#8211; <em>Tiefer Blick<\/em><\/strong><\/span>,<\/a> Gedichte mit Tagebuchausz\u00fcgen und Notizen<\/p>\n<p>&nbsp;<\/p>\n","protected":false},"excerpt":{"rendered":"<p>Buch- und CD-Publikationen: 2022 &nbsp; &nbsp; 2021 &nbsp; 2018 &nbsp; &nbsp; 2016 in den zweigen. Haiku 120 Seiten, 12 Farbabbildungen mit Werken von Nino HOLM Vorwort von Traude VERAN Deutsch &#8211; Englisch &#8211; Wiener Dialekt ISBN:978-3-9504782-9-7 &nbsp; FAHRTWIND mit der U-Bahn durch Wien. Haiku 100 Seiten, 13 Farbabbildungen mit Werken von Helmut RUSCHE Vorwort von &hellip; <a href=\"https:\/\/petra-sela.com\/neu\/buecher-cd\/\" class=\"more-link\"><span class=\"screen-reader-text\">B\u00fccher \/ CD<\/span> weiterlesen<\/a><\/p>\n","protected":false},"author":1,"featured_media":0,"parent":0,"menu_order":0,"comment_status":"closed","ping_status":"closed","template":"","meta":[],"_links":{"self":[{"href":"https:\/\/petra-sela.com\/neu\/wp-json\/wp\/v2\/pages\/51"}],"collection":[{"href":"https:\/\/petra-sela.com\/neu\/wp-json\/wp\/v2\/pages"}],"about":[{"href":"https:\/\/petra-sela.com\/neu\/wp-json\/wp\/v2\/types\/page"}],"author":[{"embeddable":true,"href":"https:\/\/petra-sela.com\/neu\/wp-json\/wp\/v2\/users\/1"}],"replies":[{"embeddable":true,"href":"https:\/\/petra-sela.com\/neu\/wp-json\/wp\/v2\/comments?post=51"}],"version-history":[{"count":132,"href":"https:\/\/petra-sela.com\/neu\/wp-json\/wp\/v2\/pages\/51\/revisions"}],"predecessor-version":[{"id":662,"href":"https:\/\/petra-sela.com\/neu\/wp-json\/wp\/v2\/pages\/51\/revisions\/662"}],"wp:attachment":[{"href":"https:\/\/petra-sela.com\/neu\/wp-json\/wp\/v2\/media?parent=51"}],"curies":[{"name":"wp","href":"https:\/\/api.w.org\/{rel}","templated":true}]}}