{"id":53,"date":"2016-01-20T10:24:27","date_gmt":"2016-01-20T10:24:27","guid":{"rendered":"http:\/\/petra-sela.com\/neu\/?page_id=53"},"modified":"2023-01-10T19:09:31","modified_gmt":"2023-01-10T19:09:31","slug":"haiku","status":"publish","type":"page","link":"https:\/\/petra-sela.com\/neu\/haiku\/","title":{"rendered":"Haiku"},"content":{"rendered":"<p>Seit 1994 befasse ich mich mit Zen und dem Haiku und es ist mir eine besondere Freude und Ehre seit vielen Jahren f\u00fcr die Gestaltung und zum Teil auch f\u00fcr den Verlag der philosophisch wissenschaftlichen B\u00fccher von Frau <strong>Univ.-Doz. MMag. Dr. Hisaki HASHI <\/strong>t\u00e4tig zu sein. Seit 2008 bin ich im Vorstand des Vereines Komparative Philosophie und interdisziplin\u00e4re Bildung und dadurch eng verbunden mit Zen und der Begegnung der Kulturen von Ost und West. Dabei habe ich nicht nur mit Prof. Hisaki Hashi sondern auch mit dem Germanisten <strong>Univ.-Prof. Gottfried W. Stix<\/strong>, der seinerzeit im Briefverkehr mit Imma von Bodmershof stand, <strong>Friedrich Heller <\/strong>(er erhielt 1990 den 1. Preis beim Ersten Internationalen Haiku-Wettbewerb Japans f\u00fcr die deutsche Sprachgruppe) und <strong>Isolde Sch\u00e4fer<\/strong> zusammengearbeitet.<\/p>\n<p>&nbsp;<\/p>\n<p>1995 habe ich als Leiterin der Edition Doppelpunkt die Haiku-Anthologie \u201e<strong>Jenseits des Flusses<\/strong>\u201c mit zeitgen\u00f6ssischen japanischen und \u00f6sterreichischen Haiku-AutorInnen, in deutscher und japanischer Sprache verlegt, Herausgeber: <strong>Friedrich Heller<\/strong>.<\/p>\n<p>&nbsp;<\/p>\n<p>Ich entwickelte die Idee eines <strong>Symposiums<\/strong> mit dem Titel: <strong>\u201eEinfluss der japanischen Kultur auf die \u00f6sterreichische und Einfluss der \u00f6sterreichischen auf die japanische Kultur\u201c <\/strong>und \u00fcbernahm Organisation, Leitung und Moderation.<br \/>\nVortr\u00e4ge hielten u. a. <strong>Univ.-Prof. Dr. Sang-Kyong Lee<\/strong>, Inst. f\u00fcr Japanologie, Universit\u00e4t Wien und <strong>Univ.-Prof. Dr. Gottfried W. Stix<\/strong>. Den Ehrenschutz \u00fcbernahm <strong>Tsuyoshi Kurokowa<\/strong>, damaliger Botschafter von Japan in Wien.<\/p>\n<p>&nbsp;<\/p>\n<p>Im Laufe der Jahre habe ich zahlreiche Veranstaltungen \/ Lesungen organisiert, bei denen ich das Haiku dem Publikum n\u00e4her brachte. Dies mit musikalischer Begleitung von Koto (japanische Zither), gespielt von <strong>Kyoko Adaniya-Baier\/Holm<\/strong> und <strong>Gaby Zechmeister<\/strong>, aber auch von anderen Musikern, wie z.B. <strong>Klaus-Joachim Keller<\/strong>.<\/p>\n<p>Veranstaltungen in der &#8222;Alten Schmiede&#8220;, im &#8222;Alten Rathaus&#8220;, im &#8222;Kunstraum\u201c der Ringstra\u00dfen Galerien, im Haus Wittgenstein, in B\u00fcchereien, bei Ausstellungen der Ikebana International Chapter Vienna und an anderen Orten finden laufend statt.<\/p>\n<p><strong>Im\u00a0 Herbst 2010<\/strong> habe ich daher die <strong>\u00d6STERREICHISCHE HAIKU GESELLSCHAFT<\/strong> gegr\u00fcndet. Seither arbeite ich auch mit <strong>Dietmar Tauchner<\/strong> zusammen, der zahlreiche Preise und Auszeichnungen bei internationalen Haiku-Bewerben erhielt und sich vor allem mit dem \u201egendai\u201c (modern) Haiku befasst. Seit 2007 ist er Herausgeber des internationalen Kurzlyrikmagazins Chrysanthemum (www.chrysanthemum-haiku.net)<\/p>\n<p>In den Zeitschriften \u201eJapan heute &amp; morgen\u201c der Japanischen Botschaft und in der \u201ebr\u00fccke\u201c der \u00d6sterreichisch-Japanischen Gesellschaft in Wien erschienen von mir verfasste Artikel \u00fcber die Haiku-Dichtung und deren Umfeld. Mit Gr\u00fcndung der \u00d6sterreichischen Haiku Gesellschaft 2010 entstand der Wunsch, die Arbeit des Vereins und die Werke der Autorinnen\/Autoren mit einer Zeitschrift in die \u00d6ffentlichkeit zu tragen.<\/p>\n<p>Ich rief die<strong> Zeitschrift \u201eLotosbl\u00fcte\u201c <\/strong>ins Leben, die seit 2013 in Buchform erscheint.<\/p>\n<p>&nbsp;<\/p>\n<p>&nbsp;<\/p>\n<p><span style=\"color: #800000;\"><strong>Haiku-Buchpublikationen:<\/strong><\/span><\/p>\n<table style=\"width: 699px; height: 973px;\" border=\"0\" cellspacing=\"5\" cellpadding=\"5\">\n<tbody>\n<tr>\n<td><strong>2022<\/strong><\/p>\n<p>&nbsp;<\/p>\n<p>&nbsp;<\/p>\n<p><strong>2021<\/strong><\/p>\n<p>&nbsp;<\/p>\n<p>&nbsp;<\/p>\n<p><strong><br \/>\n2018<\/strong><\/p>\n<p>&nbsp;<\/p>\n<p>&nbsp;<\/p>\n<p>&nbsp;<\/p>\n<p>&nbsp;<\/p>\n<p>2016<\/p>\n<p>&nbsp;<\/p>\n<p>&nbsp;<\/p>\n<p>&nbsp;<\/td>\n<td><em><b><span style=\"color: #800000;\">in den zweigen. Haiku<\/span><br \/>\n120 Seiten, 12 Farbabbildungen mit Werken von Nino HOLM<br \/>\nVorwort von Traude VERAN<br \/>\n<\/b><\/em><em><b>Deutsch \u2013 Englisch \u2013 Wiener Dialekt<\/b><\/em><em><b><br \/>\n<strong>ISBN:978-3-9504782-9-7<\/strong><\/b><\/em><\/p>\n<p>&nbsp;<\/p>\n<p>&nbsp;<\/p>\n<p><em><b><span style=\"color: #993366;\">FAHRTWIND mit der U-Bahn durch Wien. Haiku<br \/>\n<\/span><\/b><span style=\"color: #993366;\"><span style=\"color: #000000;\">100 Seiten, 13 Farbabbildungen mit Werken von Helmut RUSCHE<br \/>\nVorwort von Traude VERAN<br \/>\n<strong>ISBN:978-3-9504782-5-9<\/strong><\/span><\/span><\/em><\/p>\n<p>&nbsp;<\/p>\n<p><em><span style=\"color: #993366;\"><b>hellgr\u00fcner Bambus. <\/b><\/span><strong><span style=\"color: #993366;\">Haiku aus Wien.<\/span><br \/>\ndeutsch, englisch und japanisch<\/strong><br \/>\nmit Farbabbildungen, Werke von Petra SELA<br \/>\nWissenschaftlicher Kommentar und<br \/>\n\u00dcbersetzung <\/em><em>ins Japanische<\/em>:<br \/>\n<em>Univ.-Doz.in, Dr.in Hisaki HASHI<br \/>\n\u00dcbersetzungen ins Englische<\/em>:<em><br \/>\nRev. W. Kigen EKESON und <\/em><em>Dr. Sylvia BACHER<br \/>\n<strong>\u00a0ISBN: 978-3-9503584-8-3<\/strong><\/em><\/p>\n<p>&nbsp;<\/p>\n<p><em><span style=\"font-size: 14px;\"><span style=\"color: #800000;\"><b>noch am abend der klang. <\/b><\/span><strong>Haiku\u00a0 deutsch und japanisch<\/strong><\/span><br \/>\nmit Tuschmalerei von Kyoko ADANIYA-HOLM<\/em><br \/>\n<em>\u00dcbersetzung ins Japanische von Univ.-Doz.in, Dr.in Hisaki HASHI<br \/>\nVorwort: Traude Veran<br \/>\n<strong>\u00a0ISBN: 978-3-9503584-6-9<\/strong><\/em><\/td>\n<\/tr>\n<tr>\n<td>2013<\/td>\n<td><span style=\"color: #800000;\"><strong><em>Wie Sonne und Mond<\/em>. <em>Eine Hommage an Matsuo Bash\u00f4<\/em><\/strong><\/span>. Haiku deutsch, englisch, japanisch, mit Kommentar von Univ.-Doz. Dr. Hisaki Hashi und weiteren wissenschaftlichen Beitr\u00e4gen. Tuschmalereien von Tonia Kos<\/td>\n<\/tr>\n<tr>\n<td>2008<\/td>\n<td><span style=\"color: #800000;\"><strong><em>Sind\u2019s Karpfen oder Schmetterlinge<\/em>. <em>Haiku und Senryu aus Wien<\/em><\/strong><\/span><br \/>\nDavon gibt es auch eine bibliophile limitierte Auflage mit 17 ausgew\u00e4hlten<br \/>\nHaiku, handgeschrieben und mit Tuschmalereien von <em>Tonia Kos<\/em>.<\/td>\n<\/tr>\n<tr>\n<td>2000<\/td>\n<td><span style=\"color: #800000;\"><strong><em>z\u00f6gernd das sonnenlicht<\/em><\/strong><\/span>, Haiku in deutsch und japanisch mit Tuschmalereien von <em>Kyoko Adanyia-Baier<\/em><\/td>\n<\/tr>\n<tr>\n<td>1996<\/td>\n<td><span style=\"color: #800000;\"><strong><em>verwoben<\/em><\/strong><\/span>, Haiku in deutsch und japanisch mit Fotos von Webearbeiten der K\u00fcnstlerin <em>Kyoko Adanyia-Baier<\/em><\/td>\n<\/tr>\n<\/tbody>\n<\/table>\n<p>&nbsp;<\/p>\n<p><span style=\"color: #800000;\"><strong>Herausgeberin und Mitautorin:<\/strong><\/span><\/p>\n<table style=\"width: 700px;\" border=\"0\" cellspacing=\"5\" cellpadding=\"5\">\n<tbody>\n<tr>\n<td>2015<\/td>\n<td><strong><em><span style=\"color: #800000;\">Wien als Schmelztiegel der Haiku-Dichtung, Klassische und moderne HaikuDichtung.<\/span> <\/em><\/strong><em>Vortr\u00e4ge des Symposiums der \u00d6sterr. Haiku Ges. 2014.<\/em><\/td>\n<\/tr>\n<\/tbody>\n<\/table>\n<p>Herausgeberin von einigen Haiku-Anthologien.<\/p>\n","protected":false},"excerpt":{"rendered":"<p>Seit 1994 befasse ich mich mit Zen und dem Haiku und es ist mir eine besondere Freude und Ehre seit vielen Jahren f\u00fcr die Gestaltung und zum Teil auch f\u00fcr den Verlag der philosophisch wissenschaftlichen B\u00fccher von Frau Univ.-Doz. MMag. Dr. Hisaki HASHI t\u00e4tig zu sein. Seit 2008 bin ich im Vorstand des Vereines Komparative &hellip; <a href=\"https:\/\/petra-sela.com\/neu\/haiku\/\" class=\"more-link\"><span class=\"screen-reader-text\">Haiku<\/span> weiterlesen<\/a><\/p>\n","protected":false},"author":1,"featured_media":0,"parent":0,"menu_order":0,"comment_status":"closed","ping_status":"closed","template":"","meta":[],"_links":{"self":[{"href":"https:\/\/petra-sela.com\/neu\/wp-json\/wp\/v2\/pages\/53"}],"collection":[{"href":"https:\/\/petra-sela.com\/neu\/wp-json\/wp\/v2\/pages"}],"about":[{"href":"https:\/\/petra-sela.com\/neu\/wp-json\/wp\/v2\/types\/page"}],"author":[{"embeddable":true,"href":"https:\/\/petra-sela.com\/neu\/wp-json\/wp\/v2\/users\/1"}],"replies":[{"embeddable":true,"href":"https:\/\/petra-sela.com\/neu\/wp-json\/wp\/v2\/comments?post=53"}],"version-history":[{"count":14,"href":"https:\/\/petra-sela.com\/neu\/wp-json\/wp\/v2\/pages\/53\/revisions"}],"predecessor-version":[{"id":663,"href":"https:\/\/petra-sela.com\/neu\/wp-json\/wp\/v2\/pages\/53\/revisions\/663"}],"wp:attachment":[{"href":"https:\/\/petra-sela.com\/neu\/wp-json\/wp\/v2\/media?parent=53"}],"curies":[{"name":"wp","href":"https:\/\/api.w.org\/{rel}","templated":true}]}}