{"id":6,"date":"2016-01-12T20:01:52","date_gmt":"2016-01-12T20:01:52","guid":{"rendered":"http:\/\/petra-sela.com\/neu\/?page_id=6"},"modified":"2019-09-06T21:12:57","modified_gmt":"2019-09-06T21:12:57","slug":"gedanken","status":"publish","type":"page","link":"https:\/\/petra-sela.com\/neu\/gedanken\/","title":{"rendered":"Gedanken"},"content":{"rendered":"<p><strong><span style=\"font-size: 14px;\"><span style=\"color: #b22222;\">Es ist mir wichtig<\/span>, jeden Tag im Hier und Jetzt zu leben.<\/span><\/strong><\/p>\n<p>Ich finde es entz\u00fcckend, dass das <span style=\"color: #b22222;\"><strong>Edelwei\u00df auch &#8222;L\u00f6wenf\u00fc\u00dfchen&#8220;<\/strong><\/span> genannt wird.<\/p>\n<p><span style=\"font-size: 14px;\"><strong><span style=\"color: #b22222;\">Der Kapokbaum<\/span><\/strong> ist in Gambia heilig, er wird auch Wollbaum genannt, ein kleiner steht in meinem B\u00fcro.<\/span><\/p>\n<p><span style=\"font-size: 14px;\"><img decoding=\"async\" style=\"width: 241px; height: 209px;\" src=\"http:\/\/petra-sela.com\/neu\/wp-content\/uploads\/2016\/03\/Kapukbaum-klein.jpg\" alt=\"\" \/>\u00a0 \u00a0\u00a0<img decoding=\"async\" style=\"width: 259px; height: 194px;\" src=\"http:\/\/petra-sela.com\/neu\/wp-content\/uploads\/2016\/03\/Kapukbaum-gro\u00df-e1457861623416.jpg\" alt=\"\" \/><\/span><\/p>\n<p><span style=\"font-size: 14px;\"><span style=\"color: #b22222;\"><strong>Haiku-Dichtung: eine Lebensaufgabe<\/strong>, die mich fasziniert!<\/span> Deshalb habe ich die<br \/>\n<span style=\"color: #b22222;\"><strong>\u00d6STERREICHISCHE HAIKU GESELLSCHAFT &#8211; AUSTRIAN HAIKU ASSOCIATION <\/strong><\/span>gegr\u00fcndet.<br \/>\nMit Freude Leite ich unsere Zusammenk\u00fcnfte, das j\u00e4hrliche Seminar in Bad Tatzmannsdorf und andere Veranstaltungen. Das LOGO habe ich selbst entworfen und denke, dass es der Reduktion eines Haiku entspricht.<\/span><\/p>\n<p><span style=\"font-size: 14px;\"><strong><img decoding=\"async\" style=\"width: 100px; height: 99px;\" src=\"http:\/\/petra-sela.com\/neu\/wp-content\/uploads\/2016\/03\/Logo-\u00d6HG-e1457861472669.jpg\" alt=\"\" \/>\u00a0 \u00a0 \u00a0 \u00a0 \u00a0\u00a0<a href=\"http:\/\/www.oesterr-haikuges.at\">http:\/\/www.oesterr-haikuges.at <\/a><\/strong><\/span><\/p>\n<p>&nbsp;<\/p>\n<p><span style=\"font-size: 14px;\"><strong><span style=\"color: #b22222;\">Japan<\/span><\/strong> \u2013 das Land der Gegens\u00e4tze\u00a0 &#8211; fasziniert mich. Deshalb schreibe ich nicht nur Haiku, sondern<br \/>\nmale immer wieder an meiner Serie &#8222;Im Hier und Jetzt&#8220;, Bildern zu und mit Haiku.<\/span><\/p>\n<p><span style=\"font-size: 14px;\"><strong><span style=\"color: #b22222;\">Ein Bild malen<\/span><\/strong>\u00a0<strong>ist f\u00fcr mich wie Heiraten<\/strong>. Du stehst vor der wei\u00dfen Leinwand hast zahlreiche Erwartungen,\u00a0W\u00fcnsche,\u00a0Tr\u00e4ume &#8211; was daraus entsteht, wird sich zeigen &#8230;<\/span><\/p>\n<p><span style=\"font-size: 14px;\"><span style=\"color: #b22222;\"><strong>Im Verein mit Gleichgesinnten<\/strong> <\/span>kann man sich austauschen und weiterentwickeln, deshalb bin ich im bildnerischen Bereich Mitglied der Kunstplattform arteMIX und f\u00fchle mich dort aufgehoben.<\/span><\/p>\n<p><span style=\"font-size: 14px;\"><strong><a href=\"http:\/\/artemix.at\/\">http:\/\/artemix.at\/<\/a><\/strong><\/span><\/p>\n<p><span style=\"font-size: 14px;\"><strong><span style=\"color: #b22222;\">Es muss total umgedacht werden<\/span>.<\/strong> Neue Perspektiven m\u00fcssen her. Die Kreativit\u00e4t ist mehr denn je gefragt!<\/span><\/p>\n<p><span style=\"font-size: 14px;\"><strong><span style=\"color: #b22222;\">Ich liebe die Tiger<\/span><\/strong> \u2013 sie sind die sch\u00f6nsten Tiere f\u00fcr mich auf unserer Erde &#8211; spende f\u00fcr die Erhaltung und m\u00f6chte andere animieren, mitzumachen.<\/span><\/p>\n<p><span style=\"font-size: 14px;\"><img decoding=\"async\" style=\"width: 200px; height: 250px;\" src=\"http:\/\/petra-sela.com\/neu\/wp-content\/uploads\/2016\/03\/Tiger189.jpg\" alt=\"\" \/>\u00a0 \u00a0 \u00a0 \u00a0<strong><a href=\"http:\/\/www.wwf.at\/de\/tiger\/\">http:\/\/www.wwf.at\/de\/tiger\/<\/a><\/strong><\/span><\/p>\n<p>&nbsp;<\/p>\n<p><span style=\"font-size: 14px;\"><strong><span style=\"color: #b22222;\">Wichtig ist mir die Erhaltung der alten Samen und Pflanzen,<\/span><\/strong> daher unterst\u00fctze ich auch diese Organisation. Ich hoffe, die EU wird sich f\u00fcr diesen Weg entscheiden. Artenvielfalt ist wichtig f\u00fcr unser Leben!<\/span><\/p>\n<p><strong><span style=\"font-size: 14px;\"><a href=\"https:\/\/www.arche-noah.at\/\">https:\/\/www.arche-noah.at\/<\/a><\/span><\/strong><\/p>\n<p><span style=\"font-size: 14px;\"><strong><span style=\"color: #b22222;\">Nat\u00fcrlich m\u00f6chte ich meinen Mitmenschen helfen,<\/span><\/strong> die Not lindern auf dieser Welt \u2013 und helfe auch hier im Rahmen meiner M\u00f6glichkeiten.\u00a0<\/span><\/p>\n<p><span style=\"font-size: 14px;\"><strong><a href=\"https:\/\/www.aerzte-ohne-grenzen.at\/\">https:\/\/www.aerzte-ohne-grenzen.at\/<\/a><\/strong><\/span><\/p>\n<p><span style=\"font-size: 14px;\"><strong><span style=\"color: #b22222;\">Neben der Literatur und bildenden Kunst ist f\u00fcr mich Musik ganz wichtig.<\/span><\/strong> Ab und zu h\u00f6re ich keltische Musik, irische, Pagan Folk,\u00a0 aber auch Mozart und Biber \u2013 mag jede Art von Musik, nur gut muss sie sein.<\/span><\/p>\n<p><strong><span style=\"font-size: 14px;\"><span style=\"color: #b22222;\">TANZEN ist eine wunderbare Sache!<\/span><\/span><\/strong><\/p>\n<p>&nbsp;<\/p>\n<p>&nbsp;<\/p>\n<p>&nbsp;<\/p>\n","protected":false},"excerpt":{"rendered":"<p>Es ist mir wichtig, jeden Tag im Hier und Jetzt zu leben. Ich finde es entz\u00fcckend, dass das Edelwei\u00df auch &#8222;L\u00f6wenf\u00fc\u00dfchen&#8220; genannt wird. Der Kapokbaum ist in Gambia heilig, er wird auch Wollbaum genannt, ein kleiner steht in meinem B\u00fcro. \u00a0 \u00a0\u00a0 Haiku-Dichtung: eine Lebensaufgabe, die mich fasziniert! Deshalb habe ich die \u00d6STERREICHISCHE HAIKU GESELLSCHAFT &hellip; <a href=\"https:\/\/petra-sela.com\/neu\/gedanken\/\" class=\"more-link\"><span class=\"screen-reader-text\">Gedanken<\/span> weiterlesen<\/a><\/p>\n","protected":false},"author":1,"featured_media":0,"parent":0,"menu_order":0,"comment_status":"closed","ping_status":"closed","template":"","meta":[],"_links":{"self":[{"href":"https:\/\/petra-sela.com\/neu\/wp-json\/wp\/v2\/pages\/6"}],"collection":[{"href":"https:\/\/petra-sela.com\/neu\/wp-json\/wp\/v2\/pages"}],"about":[{"href":"https:\/\/petra-sela.com\/neu\/wp-json\/wp\/v2\/types\/page"}],"author":[{"embeddable":true,"href":"https:\/\/petra-sela.com\/neu\/wp-json\/wp\/v2\/users\/1"}],"replies":[{"embeddable":true,"href":"https:\/\/petra-sela.com\/neu\/wp-json\/wp\/v2\/comments?post=6"}],"version-history":[{"count":24,"href":"https:\/\/petra-sela.com\/neu\/wp-json\/wp\/v2\/pages\/6\/revisions"}],"predecessor-version":[{"id":585,"href":"https:\/\/petra-sela.com\/neu\/wp-json\/wp\/v2\/pages\/6\/revisions\/585"}],"wp:attachment":[{"href":"https:\/\/petra-sela.com\/neu\/wp-json\/wp\/v2\/media?parent=6"}],"curies":[{"name":"wp","href":"https:\/\/api.w.org\/{rel}","templated":true}]}}